{"id":13,"date":"2018-12-09T12:45:49","date_gmt":"2018-12-09T12:45:49","guid":{"rendered":"http:\/\/supervision-krause.de\/?page_id=13"},"modified":"2026-02-12T21:34:40","modified_gmt":"2026-02-12T21:34:40","slug":"mein-angebot","status":"publish","type":"page","link":"https:\/\/supervision-krause.de\/?page_id=13","title":{"rendered":"Mein Angebot"},"content":{"rendered":"\r\n<p>Ich arbeite systemisch, l\u00f6sungsorientiert und personzentriert. <br \/>Der Blick f\u00fcrs Ganze bildet die Basis und wird erg\u00e4nzt durch die jeweils passenden methodischenTools. <br \/>Mein Angebot f\u00fcr Supervision und Coaching richtet sich an soziale Einrichtungen, Institutionen, Unternehmen und Privatpersonen.<\/p>\r\n<ul>\r\n<li>Teamsupervision \/ Leitungsteamsupervision<\/li>\r\n<li>Einzelsupervision \/ Einzelcoaching z.B. f\u00fcr F\u00fchrungskr\u00e4fte und Mitarbeiter*innen mit anspruchsvollen Aufgaben oder Menschen in belastenden Situationen<\/li>\r\n<li>Fallsupervision einzeln und in Gruppen<\/li>\r\n<li>Gruppensupervision<\/li>\r\n<li>Teamentwicklung<\/li>\r\n<\/ul>\r\n<p>Vertraulichkeit bildet die Grundlage meiner Arbeit. Ihre Qualit\u00e4t gew\u00e4hrleiste ich durch regelm\u00e4\u00dfige Kontrollsupervision &amp; Intervision und bilde mich fortlaufend weiter. Als Supervisor bin ich durch die <a title=\"https:\/\/www.dgsv.de\/berater\/britta-dunkel\/\" href=\"https:\/\/www.dgsv.de\/berater\/britta-dunkel\/\" target=\"_blank\" rel=\"noopener\">DGSv<\/a> zertifiziert und deren <a title=\"https:\/\/www.dgsv.de\/wp-content\/uploads\/2023\/10\/DGSv_Ethische-Leitlinien_2023.pdf\" href=\"https:\/\/www.dgsv.de\/wp-content\/uploads\/2023\/10\/DGSv_Ethische-Leitlinien_2023.pdf\" target=\"_blank\" rel=\"noopener\">ethischen Leitlinien<\/a>\u00a0verpflichtet.<\/p>\r\n\r\n\r\n\r\n\r\n\r\n<p>Nichts kann den pers\u00f6nlichen Eindruck ersetzen. Ihre Beratungsw\u00fcnsche sowie die M\u00f6glichkeiten der Supervision kl\u00e4ren wir in einem kostenlosen Vorgespr\u00e4ch. In diesem Rahmen besprechen wir auch den zeitlichen Umfang sowie den Abstand der Sitzungen.<\/p>\r\n\r\n\r\n\r\n<p><strong><a href=\"http:\/\/supervision-krause.de\/?page_id=30\">Datenschutzerkl\u00e4rung<\/a><\/strong><strong><a href=\"http:\/\/supervision-krause.de\/?page_id=30\">\/ Impressum<\/a><\/strong><\/p>\r\n","protected":false},"excerpt":{"rendered":"<p>Ich arbeite systemisch, l\u00f6sungsorientiert und personzentriert. Der Blick f\u00fcrs Ganze bildet die Basis und wird erg\u00e4nzt durch die jeweils passenden methodischenTools. Mein Angebot f\u00fcr Supervision und Coaching richtet sich an soziale Einrichtungen, Institutionen, Unternehmen und Privatpersonen. Teamsupervision \/ Leitungsteamsupervision Einzelsupervision \/ Einzelcoaching z.B. f\u00fcr F\u00fchrungskr\u00e4fte und Mitarbeiter*innen mit anspruchsvollen Aufgaben oder Menschen in belastenden Situationen &hellip; <\/p>\n<p class=\"link-more\"><a href=\"https:\/\/supervision-krause.de\/?page_id=13\" class=\"more-link\"><span class=\"screen-reader-text\">\u201eMein Angebot\u201c <\/span>weiterlesen<\/a><\/p>\n","protected":false},"author":1,"featured_media":0,"parent":0,"menu_order":0,"comment_status":"closed","ping_status":"closed","template":"","meta":{"footnotes":""},"class_list":["post-13","page","type-page","status-publish","hentry"],"_links":{"self":[{"href":"https:\/\/supervision-krause.de\/index.php?rest_route=\/wp\/v2\/pages\/13","targetHints":{"allow":["GET"]}}],"collection":[{"href":"https:\/\/supervision-krause.de\/index.php?rest_route=\/wp\/v2\/pages"}],"about":[{"href":"https:\/\/supervision-krause.de\/index.php?rest_route=\/wp\/v2\/types\/page"}],"author":[{"embeddable":true,"href":"https:\/\/supervision-krause.de\/index.php?rest_route=\/wp\/v2\/users\/1"}],"replies":[{"embeddable":true,"href":"https:\/\/supervision-krause.de\/index.php?rest_route=%2Fwp%2Fv2%2Fcomments&post=13"}],"version-history":[{"count":5,"href":"https:\/\/supervision-krause.de\/index.php?rest_route=\/wp\/v2\/pages\/13\/revisions"}],"predecessor-version":[{"id":120,"href":"https:\/\/supervision-krause.de\/index.php?rest_route=\/wp\/v2\/pages\/13\/revisions\/120"}],"wp:attachment":[{"href":"https:\/\/supervision-krause.de\/index.php?rest_route=%2Fwp%2Fv2%2Fmedia&parent=13"}],"curies":[{"name":"wp","href":"https:\/\/api.w.org\/{rel}","templated":true}]}}