{"id":16,"date":"2018-12-09T12:54:17","date_gmt":"2018-12-09T12:54:17","guid":{"rendered":"http:\/\/supervision-krause.de\/?page_id=16"},"modified":"2018-12-09T13:57:57","modified_gmt":"2018-12-09T13:57:57","slug":"supervision-coaching","status":"publish","type":"page","link":"https:\/\/supervision-krause.de\/?page_id=16","title":{"rendered":"Supervision\/ Coaching"},"content":{"rendered":"\n<p>ist eine professionelle Beratung f\u00fcr berufliche und arbeitsbezogene personale Entwicklungsprozesse.<br><\/p>\n\n\n\n<p>Supervision dient<\/p>\n\n\n\n<ul class=\"wp-block-list\"><li>der Steigerung der Professionalit\u00e4t durch Reflexion der Arbeitsbeziehungen (Kund*innen, Mitarbeiter*innen oder Klient*innen)<\/li><li>der Bearbeitung und L\u00f6sung von aktuellen Konflikten<\/li><li>der Entwicklung von Rollen-, Aufgaben- und Zielklarheit<\/li><li>der Unterst\u00fctzung von individuellen Ver\u00e4nderungsprozessen oder Ver\u00e4nderungsprozessen in der Organisation<\/li><\/ul>\n\n\n\n<p>Entsprechend des jeweiligen Anliegens kann die \u201esupervisorische Brille\u201c den Blick gezielt richten auf pers\u00f6nliche Verhaltensmuster, auf Gruppenprozesse (Kommunikation und Interaktion) oder formale Strukturen und Rollen.<\/p>\n\n\n\n<p><\/p>\n\n\n\n<p><\/p>\n\n\n\n<p><strong><a href=\"http:\/\/supervision-krause.de\/?page_id=30\">Datenschutzerkl\u00e4rung<\/a><\/strong><strong><a href=\"http:\/\/supervision-krause.de\/?page_id=30\">\/ Impressum<\/a><\/strong><\/p>\n","protected":false},"excerpt":{"rendered":"<p>ist eine professionelle Beratung f\u00fcr berufliche und arbeitsbezogene personale Entwicklungsprozesse. Supervision dient der Steigerung der Professionalit\u00e4t durch Reflexion der Arbeitsbeziehungen (Kund*innen, Mitarbeiter*innen oder Klient*innen) der Bearbeitung und L\u00f6sung von aktuellen Konflikten der Entwicklung von Rollen-, Aufgaben- und Zielklarheit der Unterst\u00fctzung von individuellen Ver\u00e4nderungsprozessen oder Ver\u00e4nderungsprozessen in der Organisation Entsprechend des jeweiligen Anliegens kann die \u201esupervisorische &hellip; <\/p>\n<p class=\"link-more\"><a href=\"https:\/\/supervision-krause.de\/?page_id=16\" class=\"more-link\"><span class=\"screen-reader-text\">\u201eSupervision\/ Coaching\u201c <\/span>weiterlesen<\/a><\/p>\n","protected":false},"author":1,"featured_media":0,"parent":0,"menu_order":0,"comment_status":"closed","ping_status":"closed","template":"","meta":{"footnotes":""},"class_list":["post-16","page","type-page","status-publish","hentry"],"_links":{"self":[{"href":"https:\/\/supervision-krause.de\/index.php?rest_route=\/wp\/v2\/pages\/16","targetHints":{"allow":["GET"]}}],"collection":[{"href":"https:\/\/supervision-krause.de\/index.php?rest_route=\/wp\/v2\/pages"}],"about":[{"href":"https:\/\/supervision-krause.de\/index.php?rest_route=\/wp\/v2\/types\/page"}],"author":[{"embeddable":true,"href":"https:\/\/supervision-krause.de\/index.php?rest_route=\/wp\/v2\/users\/1"}],"replies":[{"embeddable":true,"href":"https:\/\/supervision-krause.de\/index.php?rest_route=%2Fwp%2Fv2%2Fcomments&post=16"}],"version-history":[{"count":4,"href":"https:\/\/supervision-krause.de\/index.php?rest_route=\/wp\/v2\/pages\/16\/revisions"}],"predecessor-version":[{"id":63,"href":"https:\/\/supervision-krause.de\/index.php?rest_route=\/wp\/v2\/pages\/16\/revisions\/63"}],"wp:attachment":[{"href":"https:\/\/supervision-krause.de\/index.php?rest_route=%2Fwp%2Fv2%2Fmedia&parent=16"}],"curies":[{"name":"wp","href":"https:\/\/api.w.org\/{rel}","templated":true}]}}