{"id":30,"date":"2018-12-09T13:11:50","date_gmt":"2018-12-09T13:11:50","guid":{"rendered":"http:\/\/supervision-krause.de\/?page_id=30"},"modified":"2025-08-04T18:13:41","modified_gmt":"2025-08-04T18:13:41","slug":"impressum-datenschutzerklaerung","status":"publish","type":"page","link":"https:\/\/supervision-krause.de\/?page_id=30","title":{"rendered":"Impressum \/ Datenschutzerkl\u00e4rung"},"content":{"rendered":"\r\n<p>Angaben gem\u00e4\u00df \u00a7 5 TMG:<\/p>\r\n\r\n\r\n\r\n<p>Gerd Krause<br \/>Supervision<br \/>Greifswalder Stra\u00dfe 203<br \/>10405 Berlin<\/p>\r\n\r\n\r\n\r\n<p>Telefon: +49 176 9926 8818<br \/>E-Mail: info@supervision-krause.de<\/p>\r\n\r\n\r\n\r\n<p>Wir sind nicht bereit oder verpflichtet, an Streitbeilegungsverfahren vor einer Verbraucherschlichtungsstelle teilzunehmen.<\/p>\r\n\r\n\r\n\r\n<p>Bildnachweis<br \/>Alle Bilder sind privat.<\/p>\r\n\r\n\r\n\r\n<p>Haftung<br \/>S\u00e4mtliche Inhalte wurden sorgf\u00e4ltig gepr\u00fcft.<br \/>Dessen ungeachtet kann keine Garantie f\u00fcr Richtigkeit, Vollst\u00e4ndigkeit und Aktualit\u00e4t der Angaben \u00fcbernommen werden.<\/p>\r\n\r\n\r\n\r\n<p>Urheberrecht<br \/>S\u00e4mtliche Texte und Bilder sind urheberrechtlich gesch\u00fctzt.<\/p>\r\n\r\n\r\n\r\n<p><strong>Allgemeine Datenschutzerkl\u00e4rung<\/strong><\/p>\r\n\r\n\r\n\r\n<p>Durch die Nutzung unserer Website erkl\u00e4ren Sie sich mit der Erhebung, Verarbeitung und Nutzung von Daten gem\u00e4\u00df der nachfolgenden Beschreibung einverstanden. Unsere Website kann grunds\u00e4tzlich ohne Registrierung besucht werden. Dabei werden Daten wie beispielsweise aufgerufene Seiten bzw. Namen der abgerufenen Datei, Datum und Uhrzeit zu statistischen Zwecken auf dem Server gespeichert, ohne dass diese Daten unmittelbar auf Ihre Person bezogen werden. Personenbezogene Daten, insbesondere Name, Adresse oder E-Mail-Adresse werden soweit m\u00f6glich auf freiwilliger Basis erhoben. Ohne Ihre Einwilligung erfolgt keine Weitergabe der Daten an Dritte.<\/p>\r\n\r\n\r\n\r\n<p>Datenschutzerkl\u00e4rung f\u00fcr Google Analytics<\/p>\r\n\r\n\r\n\r\n<p>Unsere Website verwendet Google Analytics, einen Webanalysedienst von Google Inc., 1600 Amphitheatre Parkway, Mountain View, CA 94043, USA. Zur Deaktivierung von Google Analytiscs stellt Google unter http:\/\/tools.google.com\/dlpage\/gaoptout?hl=de ein Browser-Plug-In zur Verf\u00fcgung. Google Analytics verwendet Cookies. Das sind kleine Textdateien, die es m\u00f6glich machen, auf dem Endger\u00e4t des Nutzers spezifische, auf den Nutzer bezogene Informationen zu speichern. Diese erm\u00f6glichen eine Analyse der Nutzung unseres Websitangebotes durch Google. Die durch den Cookie erfassten Informationen \u00fcber die Nutzung unserer Seiten (einschlie\u00dflich Ihrer IP-Adresse) werden in der Regel an einen Server von Google in den USA \u00fcbertragen und dort gespeichert. Wir weisen darauf hin, dass auf dieser Website Google Analytics um den Code \u201egat._anonymizeIp();\u201c erweitert wurde, um eine anonymisierte Erfassung von IP-Adressen (sog. IP-Masking) zu gew\u00e4hrleisten. Ist die Anonymisierung aktiv, k\u00fcrzt Google IP-Adressen innerhalb von Mitgliedstaaten der Europ\u00e4ischen Union oder in anderen Vertragsstaaten des Abkommens \u00fcber den Europ\u00e4ischen Wirtschaftsraum, weswegen keine R\u00fcckschl\u00fcsse auf Ihre Identit\u00e4t m\u00f6glich sind. Nur in Ausnahmef\u00e4llen wird die volle IP-Adresse an einen Server von Google in den USA \u00fcbertragen und dort gek\u00fcrzt. Google beachtet die Datenschutzbestimmungen des \u201eUS-Safe-Harbor\u201c-Abkommens und ist beim \u201eSafe Harbor\u201c-Programm des US-Handelsministeriums registriert und nutzt die gesammelten Informationen, um die Nutzung unserer Websites auszuwerten, Berichte f\u00fcr uns diesbez\u00fcglich zu verfassen und andere diesbez\u00fcgliche Dienstleistungen an uns zu erbringen. Mehr erfahren Sie unter http:\/\/www.google.com\/intl\/de\/analytics\/privacyoverview.html.<\/p>\r\n\r\n\r\n\r\n<p>Datenschutzerkl\u00e4rung f\u00fcr Google +1<\/p>\r\n\r\n\r\n\r\n<p>Unsere Website verwendet Social-Media-Funktionen von Google Inc., 1600 Amphitheatre Parkway, Mountain View, CA 94043, USA. Bei Aufruf unserer Seiten mit Google-Plug-Ins wird eine Verbindung zwischen Ihrem Browser und den Servern von Google aufgebaut. Dabei werden bereits Daten an Google \u00fcbertragen. Besitzen Sie einen Google-Account, k\u00f6nnen diese Daten damit verkn\u00fcpft werden. Wenn Sie keine Zuordnung dieser Daten zu Ihrem Google-Account w\u00fcnschen, loggen Sie sich bitte vor dem Besuch unserer Seite bei Google aus. Interaktionen, insbesondere das Nutzen einer Kommentarfunktion oder das Anklicken eines \u201e+1\u201c- oder \u201eTeilen\u201c-Buttons werden ebenfalls an Google weitergegeben. Mehr erfahren Sie unter http:\/\/www.google.de\/intl\/de\/policies\/privacy.<\/p>\r\n\r\n\r\n\r\n<p>Datenschutzerkl\u00e4rung f\u00fcr Facebook<\/p>\r\n\r\n\r\n\r\n<p>Unsere Website verwendet Funktionen von Facebook Inc., 1601 S. California Ave, Palo Alto, CA 94304, USA . Bei Aufruf unserer Seiten mit Facebook-Plug-Ins wird eine Verbindung zwischen Ihrem Browser und den Servern von Facebook aufgebaut. Dabei werden bereits Daten an Facebook \u00fcbertragen. Besitzen Sie einen Facebook-Account, k\u00f6nnen diese Daten damit verkn\u00fcpft werden. Wenn Sie keine Zuordnung dieser Daten zu Ihrem Facebook-Account w\u00fcnschen, loggen Sie sich bitte vor dem Besuch unserer Seite bei Facebook aus. Interaktionen, insbesondere das Nutzen einer Kommentarfunktion oder das Anklicken eines \u201eLike\u201c- oder \u201eTeilen\u201c-Buttons werden ebenfalls an Facebook weitergegeben. Mehr erfahren Sie unter https:\/\/de-de.facebook.com\/about\/privacy.<\/p>\r\n\r\n\r\n\r\n<p>Datenschutzerkl\u00e4rung f\u00fcr Twitter<\/p>\r\n\r\n\r\n\r\n<p>Unsere Website verwendet Funktionen von Twitter, Inc., 1355 Market St, Suite 900, San Francisco, CA 94103, USA. Bei Aufruf unserer Seiten mit Twitter-Plug-Ins wird eine Verbindung zwischen Ihrem Browser und den Servern von Twitter aufgebaut. Dabei werden bereits Daten an Twitter \u00fcbertragen. Besitzen Sie einen Twitter-Account, k\u00f6nnen diese Daten damit verkn\u00fcpft werden. Wenn Sie keine Zuordnung dieser Daten zu Ihrem Twitter-Account w\u00fcnschen, loggen Sie sich bitte vor dem Besuch unserer Seite bei Twitter aus. Interaktionen, insbesondere das Anklicken eines \u201eRe-Tweet\u201c-Buttons werden ebenfalls an Twitter weitergegeben. Mehr erfahren Sie unter https:\/\/twitter.com\/privacy.<\/p>\r\n\r\n\r\n\r\n<h3 class=\"wp-block-heading\">Die Adresse dieser Website ist: http:\/\/supervision-krause.de.<\/h3>\r\n","protected":false},"excerpt":{"rendered":"<p>Angaben gem\u00e4\u00df \u00a7 5 TMG: Gerd KrauseSupervisionGreifswalder Stra\u00dfe 20310405 Berlin Telefon: +49 176 9926 8818E-Mail: info@supervision-krause.de Wir sind nicht bereit oder verpflichtet, an Streitbeilegungsverfahren vor einer Verbraucherschlichtungsstelle teilzunehmen. BildnachweisAlle Bilder sind privat. HaftungS\u00e4mtliche Inhalte wurden sorgf\u00e4ltig gepr\u00fcft.Dessen ungeachtet kann keine Garantie f\u00fcr Richtigkeit, Vollst\u00e4ndigkeit und Aktualit\u00e4t der Angaben \u00fcbernommen werden. UrheberrechtS\u00e4mtliche Texte und Bilder sind &hellip; <\/p>\n<p class=\"link-more\"><a href=\"https:\/\/supervision-krause.de\/?page_id=30\" class=\"more-link\"><span class=\"screen-reader-text\">\u201eImpressum \/ Datenschutzerkl\u00e4rung\u201c <\/span>weiterlesen<\/a><\/p>\n","protected":false},"author":1,"featured_media":0,"parent":0,"menu_order":0,"comment_status":"closed","ping_status":"closed","template":"","meta":{"footnotes":""},"class_list":["post-30","page","type-page","status-publish","hentry"],"_links":{"self":[{"href":"https:\/\/supervision-krause.de\/index.php?rest_route=\/wp\/v2\/pages\/30","targetHints":{"allow":["GET"]}}],"collection":[{"href":"https:\/\/supervision-krause.de\/index.php?rest_route=\/wp\/v2\/pages"}],"about":[{"href":"https:\/\/supervision-krause.de\/index.php?rest_route=\/wp\/v2\/types\/page"}],"author":[{"embeddable":true,"href":"https:\/\/supervision-krause.de\/index.php?rest_route=\/wp\/v2\/users\/1"}],"replies":[{"embeddable":true,"href":"https:\/\/supervision-krause.de\/index.php?rest_route=%2Fwp%2Fv2%2Fcomments&post=30"}],"version-history":[{"count":5,"href":"https:\/\/supervision-krause.de\/index.php?rest_route=\/wp\/v2\/pages\/30\/revisions"}],"predecessor-version":[{"id":101,"href":"https:\/\/supervision-krause.de\/index.php?rest_route=\/wp\/v2\/pages\/30\/revisions\/101"}],"wp:attachment":[{"href":"https:\/\/supervision-krause.de\/index.php?rest_route=%2Fwp%2Fv2%2Fmedia&parent=30"}],"curies":[{"name":"wp","href":"https:\/\/api.w.org\/{rel}","templated":true}]}}