{"id":43,"date":"2018-12-09T13:44:38","date_gmt":"2018-12-09T13:44:38","guid":{"rendered":"http:\/\/supervision-krause.de\/?page_id=43"},"modified":"2026-02-12T21:36:41","modified_gmt":"2026-02-12T21:36:41","slug":"home","status":"publish","type":"page","link":"https:\/\/supervision-krause.de\/","title":{"rendered":"Home"},"content":{"rendered":"\r\n<h3 class=\"wp-block-heading\">Sie finden mich in der <strong>Greifswalder Str. 203<\/strong> in 10405 Berlin- Prenzlauer Berg (wenige Schritte von M4 &#8222;Hufelandstr.&#8220;).<\/h3>\r\n<h2>Supervision\/ Coaching<\/h2>\r\n\r\n\r\n\r\n<p>ist eine professionelle Beratung f\u00fcr berufliche und arbeitsbezogene personale Entwicklungsprozesse.<\/p>\r\n\r\n\r\n\r\n<p>Supervision dient<\/p>\r\n\r\n\r\n\r\n<ul class=\"wp-block-list\">\r\n<li>der Steigerung der Professionalit\u00e4t durch Reflexion der Arbeitsbeziehungen (Kund*innen, Mitarbeiter*innen oder Klient*innen)<\/li>\r\n<li>der Bearbeitung und L\u00f6sung von aktuellen Konflikten<\/li>\r\n<li>der Entwicklung von Rollen-, Aufgaben- und Zielklarheit<\/li>\r\n<li>der Unterst\u00fctzung von individuellen Ver\u00e4nderungsprozessen oder Ver\u00e4nderungsprozessen in der Organisation<\/li>\r\n<\/ul>\r\n\r\n\r\n\r\n<p>Entsprechend dem jeweiligen Anliegen kann die \u201esupervisorische Brille\u201c den Blick gezielt auf pers\u00f6nliche Verhaltensmuster, auf Gruppenprozesse (Kommunikation und Interaktion) oder formale Strukturen und Rollen richten .<\/p>\r\n<p><img loading=\"lazy\" decoding=\"async\" class=\"alignnone size-medium wp-image-110\" src=\"http:\/\/supervision-krause.de\/wp-content\/uploads\/2026\/02\/20260127_095554-300x225.jpg\" alt=\"\" width=\"300\" height=\"225\" srcset=\"https:\/\/supervision-krause.de\/wp-content\/uploads\/2026\/02\/20260127_095554-300x225.jpg 300w, https:\/\/supervision-krause.de\/wp-content\/uploads\/2026\/02\/20260127_095554-1024x768.jpg 1024w, https:\/\/supervision-krause.de\/wp-content\/uploads\/2026\/02\/20260127_095554-768x576.jpg 768w, https:\/\/supervision-krause.de\/wp-content\/uploads\/2026\/02\/20260127_095554-1536x1152.jpg 1536w, https:\/\/supervision-krause.de\/wp-content\/uploads\/2026\/02\/20260127_095554-2048x1536.jpg 2048w\" sizes=\"auto, (max-width: 300px) 100vw, 300px\" \/> <img loading=\"lazy\" decoding=\"async\" class=\"alignnone size-medium wp-image-111\" src=\"http:\/\/supervision-krause.de\/wp-content\/uploads\/2026\/02\/20260127_095900-300x225.jpg\" alt=\"\" width=\"300\" height=\"225\" srcset=\"https:\/\/supervision-krause.de\/wp-content\/uploads\/2026\/02\/20260127_095900-300x225.jpg 300w, https:\/\/supervision-krause.de\/wp-content\/uploads\/2026\/02\/20260127_095900-1024x768.jpg 1024w, https:\/\/supervision-krause.de\/wp-content\/uploads\/2026\/02\/20260127_095900-768x576.jpg 768w, https:\/\/supervision-krause.de\/wp-content\/uploads\/2026\/02\/20260127_095900-1536x1152.jpg 1536w, https:\/\/supervision-krause.de\/wp-content\/uploads\/2026\/02\/20260127_095900-2048x1536.jpg 2048w\" sizes=\"auto, (max-width: 300px) 100vw, 300px\" \/><\/p>\r\n\r\n\r\n\r\n<h1 class=\"wp-block-heading\">\u00dcber mich<\/h1>\r\n\r\n\r\n\r\n<div class=\"wp-block-image\">\r\n<figure class=\"alignleft\"><img loading=\"lazy\" decoding=\"async\" width=\"200\" height=\"300\" class=\"wp-image-5\" src=\"http:\/\/supervision-krause.de\/wp-content\/uploads\/2018\/12\/IMG_7071gs-200x300.jpg\" alt=\"\" srcset=\"https:\/\/supervision-krause.de\/wp-content\/uploads\/2018\/12\/IMG_7071gs-200x300.jpg 200w, https:\/\/supervision-krause.de\/wp-content\/uploads\/2018\/12\/IMG_7071gs-768x1152.jpg 768w, https:\/\/supervision-krause.de\/wp-content\/uploads\/2018\/12\/IMG_7071gs-683x1024.jpg 683w\" sizes=\"auto, (max-width: 200px) 100vw, 200px\" \/><\/figure>\r\n<\/div>\r\n\r\n\r\n\r\n<p><strong>Diplom- Psychologe <br \/>Systemischer Supervisor &amp; Coach <\/strong><strong>traumasensible Supervision<br \/>Personzentrierter Psychotherapeut <br \/>Suchttherapeut <\/strong><br \/><br \/><br \/><br \/><\/p>\r\n<p><br \/><strong>Jahrgang 1968<br \/>3 Kinder<\/strong><br \/><br \/>seit 2025 Fachsupervision traumasensible psychosoziale Arbeit (GPTG zertifiziert)<\/p>\r\n\r\n\r\n\r\n<p>seit 2017\u00a0 Systemischer Supervisor &amp; Coach\u00a0<br \/>(Supervisionszentrum Berlin- DGSv-zertifiziert)<\/p>\r\n<p>2013 \u2013 2014 Weiterbildung systemisches Leiten und F\u00fchren <br \/>(systemisches Zentrum Berlin der WISPO AG)<\/p>\r\n<p>seit 2012 Suchttherapeut verhaltenstherapeutisch orientiert <br \/>(AISS Angerm\u00fcnde, DRV-anerkannt)<\/p>\r\n<p>seit 2006 Personzentrierter Psychotherapeut (AGB Berlin, GwG zertifiziert); seitdem T\u00e4tigkeit als Lehrtherapeut (GwG e.V.) und Dozent<\/p>\r\n<p>seit 1999 langj\u00e4hrige Erfahrungen in klinischen Bereichen, insbesondere im Bereich Sucht-\/Abh\u00e4ngigkeitserkrankungen, Leitungsposition<\/p>\r\n<p>bis 1999 Studium der Psychologie an der Humboldt- Universit\u00e4t zu Berlin <br \/>Schwerpunkt: Klinische Psychologie\/ Psychotherapie<\/p>\r\n\r\n\r\n\r\n\r\n\r\n\r\n\r\n\r\n\r\n\r\n\r\n\r\n\r\n<h1 class=\"wp-block-heading\">Mein Angebot<\/h1>\r\n\r\n\r\n\r\n<p>Ich arbeite systemisch, l\u00f6sungsorientiert und personzentriert. <br \/>Der Blick f\u00fcrs Ganze bildet die Basis und wird erg\u00e4nzt durch die jeweils passenden methodischenTools. <br \/>Mein Angebot f\u00fcr Supervision und Coaching richtet sich an soziale Einrichtungen, Institutionen, Unternehmen und Privatpersonen.<\/p>\r\n\r\n\r\n\r\n<ul class=\"wp-block-list\">\r\n<li>Teamsupervision \/ Leitungsteamsupervision<\/li>\r\n<li>Einzelsupervision \/ Einzelcoaching z.B. f\u00fcr F\u00fchrungskr\u00e4fte und Mitarbeiter*innen mit anspruchsvollen Aufgaben oder Menschen in belastenden Situationen<\/li>\r\n<li>Fallsupervision einzeln und in Gruppen<\/li>\r\n<li>Gruppensupervision<\/li>\r\n<li>Teamentwicklung<\/li>\r\n<\/ul>\r\n<p>Vertraulichkeit bildet die Grundlage meiner Arbeit. Ihre Qualit\u00e4t gew\u00e4hrleiste ich durch regelm\u00e4\u00dfige Kontrollsupervision &amp; Intervision und bilde mich fortlaufend weiter. Als Supervisor bin ich durch die <a title=\"https:\/\/www.dgsv.de\/berater\/britta-dunkel\/\" href=\"https:\/\/www.dgsv.de\/berater\/britta-dunkel\/\" target=\"_blank\" rel=\"noopener\">DGSv<\/a> zertifiziert und deren <a title=\"https:\/\/www.dgsv.de\/wp-content\/uploads\/2023\/10\/DGSv_Ethische-Leitlinien_2023.pdf\" href=\"https:\/\/www.dgsv.de\/wp-content\/uploads\/2023\/10\/DGSv_Ethische-Leitlinien_2023.pdf\" target=\"_blank\" rel=\"noopener\">ethischen Leitlinien<\/a>\u00a0verpflichtet.<\/p>\r\n\r\n\r\n\r\n<p>Nichts kann den pers\u00f6nlichen Eindruck ersetzen. Ihre Beratungsw\u00fcnsche sowie die M\u00f6glichkeiten der Supervision kl\u00e4ren wir in einem kostenlosen Vorgespr\u00e4ch. In diesem Rahmen besprechen wir auch den zeitlichen Umfang sowie den Abstand der Sitzungen.<\/p>\r\n\r\n\r\n\r\n<h1 class=\"wp-block-heading\">Kontakt<\/h1>\r\n\r\n\r\n\r\n<p>Sie finden mich in der <strong>Greifswalder Str. 203<\/strong> in 10405 Berlin- Prenzlauer Berg (wenige Schritte von M4 &#8222;Hufelandstr.&#8220;).<\/p>\r\n<p>Sie haben Fragen?\u00a0<\/p>\r\n<p>Eine Terminanfrage zum kostenfreien Kennenlernen stellen Sie am besten per E-Mail:<\/p>\r\n<p><a href=\"mailto:info@supervision-krause.de\">info@supervision-krause.de<\/a><\/p>\r\n<p>\r\n\r\n\r\n\r\n\r\n\r\n<\/p>\r\n<p>oder Sie rufen mich unter der Telefonnummer +49 17699268818\u00a0 an.<\/p>\r\n\r\n\r\n\r\n<h1>Kooperationen<\/h1>\r\n<p>Ich kooperiere mit folgenden Kolleg*innen<\/p>\r\n<p><br \/><a href=\"http:\/\/www.therapie-prenzlauer-berg.de\/\">Katrin Siewert &#8211; personzentrierte Psychotherapie<\/a><\/p>\r\n<p>Dipl. Psych. Henriette Barck \u2013 systemische Paar- und Familientherapeutin\/ Psychoonkologin<br \/>0173 7165940<\/p>\r\n<p><a href=\"https:\/\/www.britta-dunkel.de\/\">Britta Dunkel &#8211; Supervision<\/a><\/p>\r\n<p><a href=\"https:\/\/ruth-kaukewitsch.de\/\">Ruth Kaukewitsch &#8211; Supervision<\/a><\/p>\r\n<p><a href=\"https:\/\/supervision-meiwald.de\/\">Veronika Meiwald &#8211; Supervision<\/a><\/p>\r\n\r\n\r\n\r\n<p><strong><a href=\"http:\/\/supervision-krause.de\/?page_id=30\">Datenschutzerkl\u00e4rung\/ Impressum<\/a><\/strong><\/p>\r\n","protected":false},"excerpt":{"rendered":"<p>Sie finden mich in der Greifswalder Str. 203 in 10405 Berlin- Prenzlauer Berg (wenige Schritte von M4 &#8222;Hufelandstr.&#8220;). Supervision\/ Coaching ist eine professionelle Beratung f\u00fcr berufliche und arbeitsbezogene personale Entwicklungsprozesse. Supervision dient der Steigerung der Professionalit\u00e4t durch Reflexion der Arbeitsbeziehungen (Kund*innen, Mitarbeiter*innen oder Klient*innen) der Bearbeitung und L\u00f6sung von aktuellen Konflikten der Entwicklung von Rollen-, &hellip; <\/p>\n<p class=\"link-more\"><a href=\"https:\/\/supervision-krause.de\/\" class=\"more-link\"><span class=\"screen-reader-text\">\u201eHome\u201c <\/span>weiterlesen<\/a><\/p>\n","protected":false},"author":1,"featured_media":0,"parent":0,"menu_order":0,"comment_status":"closed","ping_status":"closed","template":"","meta":{"footnotes":""},"class_list":["post-43","page","type-page","status-publish","hentry"],"_links":{"self":[{"href":"https:\/\/supervision-krause.de\/index.php?rest_route=\/wp\/v2\/pages\/43","targetHints":{"allow":["GET"]}}],"collection":[{"href":"https:\/\/supervision-krause.de\/index.php?rest_route=\/wp\/v2\/pages"}],"about":[{"href":"https:\/\/supervision-krause.de\/index.php?rest_route=\/wp\/v2\/types\/page"}],"author":[{"embeddable":true,"href":"https:\/\/supervision-krause.de\/index.php?rest_route=\/wp\/v2\/users\/1"}],"replies":[{"embeddable":true,"href":"https:\/\/supervision-krause.de\/index.php?rest_route=%2Fwp%2Fv2%2Fcomments&post=43"}],"version-history":[{"count":26,"href":"https:\/\/supervision-krause.de\/index.php?rest_route=\/wp\/v2\/pages\/43\/revisions"}],"predecessor-version":[{"id":121,"href":"https:\/\/supervision-krause.de\/index.php?rest_route=\/wp\/v2\/pages\/43\/revisions\/121"}],"wp:attachment":[{"href":"https:\/\/supervision-krause.de\/index.php?rest_route=%2Fwp%2Fv2%2Fmedia&parent=43"}],"curies":[{"name":"wp","href":"https:\/\/api.w.org\/{rel}","templated":true}]}}